{"id":911,"date":"2022-10-26T18:10:39","date_gmt":"2022-10-26T18:10:39","guid":{"rendered":"https:\/\/www.sipfilms.com\/?page_id=911"},"modified":"2022-10-26T18:18:55","modified_gmt":"2022-10-26T18:18:55","slug":"aviso-de-privacidad","status":"publish","type":"page","link":"https:\/\/www.sipfilms.com\/en\/aviso-de-privacidad\/","title":{"rendered":"Aviso de Privacidad"},"content":{"rendered":"<p>[et_pb_section fb_built=&#8221;1&#8243; theme_builder_area=&#8221;post_content&#8221; _builder_version=&#8221;4.18.0&#8243; _module_preset=&#8221;default&#8221;][et_pb_row _builder_version=&#8221;4.18.0&#8243; _module_preset=&#8221;default&#8221; theme_builder_area=&#8221;post_content&#8221;][et_pb_column _builder_version=&#8221;4.18.0&#8243; _module_preset=&#8221;default&#8221; type=&#8221;4_4&#8243; theme_builder_area=&#8221;post_content&#8221;][et_pb_text _builder_version=&#8221;4.18.0&#8243; _module_preset=&#8221;default&#8221; theme_builder_area=&#8221;post_content&#8221; hover_enabled=&#8221;0&#8243; sticky_enabled=&#8221;0&#8243; animation_style=&#8221;fade&#8221;]<\/p>\n<h1 style=\"text-align: center;\">Aviso de Privacidad<\/h1>\n<p>&nbsp;<\/p>\n<p>La protecci\u00f3n de sus datos personales es muy importante, es por ello\u00a0 este AVISO DE PRIVACIDAD, elaborado para dar cumplimiento a la LEY FEDERAL DE PROTECCI\u00d3N DE DATOS PERSONALES EN POSESI\u00d3N DE LOS PARTICULARES, tiene como fin informarle el tipo de datos personales que recabamos de Usted, c\u00f3mo los usamos, manejamos y aprovechamos y con quien los compartimos.<\/p>\n<p><strong>\u00bfQu\u00e9 datos personales recabamos de usted?<\/strong><\/p>\n<p>Como cliente de alguno de nuestros servicios le podemos solicitar informaci\u00f3n personal, que var\u00eda seg\u00fan el caso, relativa a: su nombre, direcci\u00f3n, fecha de nacimiento; lugar de nacimiento; estado civil; ocupaci\u00f3n; CURP y RFC; su correo electr\u00f3nico y n\u00famero telef\u00f3nico; sus datos patrimoniales como cuentas bancarias, cr\u00e9ditos, activos,pasivos, entre otros; comprobantes oficiales que acrediten su identidad y la informaci\u00f3n que Usted declara.<\/p>\n<p>Estos datos que se recaba y usa sus datos personales para el cumplimiento de las siguientes finalidades: confirmar su identidad; entender y atender sus necesidades; cumplir con los requerimientos legales que le son aplicables y verificar la informaci\u00f3n que nos proporciona.<\/p>\n<p>Para la recolecci\u00f3n de datos\u00a0personales, seguimos todos los principios que marca la Ley como la licitud, calidad, consentimiento,\u00a0informaci\u00f3n, finalidad, lealtad, proporcionalidad y responsabilidad.<\/p>\n<p>Los datos personales ser\u00e1n recabados directamente del titular de forma personal o a trav\u00e9s de otros\u00a0medios \u00f3pticos, sonoros, visuales, o por cualquier otra tecnolog\u00eda legalmente permitida, en nuestra\u00a0p\u00e1gina de internet o servicios en l\u00ednea, entre otras.<\/p>\n<p><strong>\u00bfCon qui\u00e9n compartimos su informaci\u00f3n y para qu\u00e9 fines?<\/strong><\/p>\n<p>Sus datos personales ser\u00e1n tratados por el personal de <strong>SIP FILMS<\/strong>, a efecto de prestar los servicios que Usted solicita, los cuales s\u00f3lo podr\u00e1n ser transferidos a personas ajenas a Diyicat Media, como pueden ser abogados, Notarios o Corredores P\u00fablicos, para la formalizaci\u00f3n de documentos que as\u00ed lo requieran, as\u00ed como para el cumplimiento de obligaciones legales ante las autoridades que as\u00ed lo soliciten.<\/p>\n<p>En la representaci\u00f3n impresa del presente Aviso de Privacidad, si usted no manifiesta su oposici\u00f3n para que sus datos personales sean transferidos, se entender\u00e1 que ha otorgado su consentimiento para ello. En caso contrario, tendr\u00e1 que marcar la casilla de elecci\u00f3n que<span>\u00a0<\/span><strong>No<\/strong><span>\u00a0<\/span>desea que sus datos personales sean transferidos en los t\u00e9rminos descritos en este documento.<\/p>\n<p><strong>\u00bfC\u00f3mo puede limitar el uso o divulgaci\u00f3n de su informaci\u00f3n personal?<\/strong><\/p>\n<p>Usted puede limitar el uso y divulgaci\u00f3n de su informaci\u00f3n personal: (i) presentando su solicitud personalmente en nuestro domicilio dirigida a Roberto Isaias Flores Cuevas, persona encargada de la privacidad en esta oficina; (ii) enviando correo electr\u00f3nico a la siguiente direcci\u00f3n electr\u00f3nica:<span>\u00a0<\/span><a href=\"mailto:info@sopitas.com\"><span>hola@diyicat.media<\/span><\/a>. Es importante mencionar que no puede limitarse el uso o divulgaci\u00f3n de su informaci\u00f3n personal, cuando sea necesario dar cumplimiento a obligaciones legales o a solicitudes de autoridades competentes.<\/p>\n<p><strong>\u00bfC\u00f3mo acceder, rectificar, cancelar u oponerse al tratamiento de sus datos personales?<\/strong><\/p>\n<p>El\u00a0ejercicio de los derechos de acceso, rectificaci\u00f3n, cancelaci\u00f3n y oposici\u00f3n o la revocaci\u00f3n del\u00a0consentimiento para el uso de sus datos personales, podr\u00e1n efectuarse presentado solicitud por escrito\u00a0en nuestro domicilio dirigida a la persona o departamento de privacidad, o bien, v\u00eda correo\u00a0electr\u00f3nico a<span>\u00a0<\/span><a href=\"mailto:info@sopitas.com\"><span>hola@diyicat.media<\/span><\/a><\/p>\n<p><strong>\u00bfC\u00f3mo conocer los cambios al presente aviso de privacidad?<\/strong><\/p>\n<p>El presente aviso de privacidad\u00a0puede sufrir modificaciones, cambios o actualizaciones por lo cual nos comprometemos a mantenerlo\u00a0informado de tal situaci\u00f3n a trav\u00e9s de nuestra p\u00e1gina de internet sopitas.com o bien, mediante\u00a0notificaci\u00f3n a su correo electr\u00f3nico.<\/p>\n<p>[\/et_pb_text][\/et_pb_column][\/et_pb_row][\/et_pb_section]<\/p>\n","protected":false},"excerpt":{"rendered":"<p>Aviso de Privacidad &nbsp; La protecci\u00f3n de sus datos personales es muy importante, es por ello\u00a0 este AVISO DE PRIVACIDAD, elaborado para dar cumplimiento a la LEY FEDERAL DE PROTECCI\u00d3N DE DATOS PERSONALES EN POSESI\u00d3N DE LOS PARTICULARES, tiene como fin informarle el tipo de datos personales que recabamos de Usted, c\u00f3mo los usamos, manejamos y aprovechamos y con quien los compartimos. \u00bfQu\u00e9 datos personales recabamos de usted? Como cliente de alguno de nuestros servicios le podemos solicitar informaci\u00f3n personal, que var\u00eda seg\u00fan el caso, relativa a: su nombre, direcci\u00f3n, fecha de nacimiento; lugar de nacimiento; estado civil; ocupaci\u00f3n; CURP y RFC; su correo electr\u00f3nico y n\u00famero telef\u00f3nico; sus datos patrimoniales como cuentas bancarias, cr\u00e9ditos, activos,pasivos, entre otros; comprobantes oficiales que acrediten su identidad y la informaci\u00f3n que Usted declara. Estos datos que se recaba y usa sus datos personales para el cumplimiento de las siguientes finalidades: confirmar su identidad; entender y atender sus necesidades; cumplir con los requerimientos legales que le son aplicables y verificar la informaci\u00f3n que nos proporciona. Para la recolecci\u00f3n de datos\u00a0personales, seguimos todos los principios que marca la Ley como la licitud, calidad, consentimiento,\u00a0informaci\u00f3n, finalidad, lealtad, proporcionalidad y responsabilidad. Los datos personales ser\u00e1n recabados directamente [&hellip;]<\/p>\n","protected":false},"author":2,"featured_media":0,"parent":0,"menu_order":0,"comment_status":"closed","ping_status":"closed","template":"","meta":{"_et_pb_use_builder":"on","_et_pb_old_content":"","_et_gb_content_width":"","_joinchat":[],"footnotes":""},"class_list":["post-911","page","type-page","status-publish","hentry"],"_links":{"self":[{"href":"https:\/\/www.sipfilms.com\/en\/wp-json\/wp\/v2\/pages\/911","targetHints":{"allow":["GET"]}}],"collection":[{"href":"https:\/\/www.sipfilms.com\/en\/wp-json\/wp\/v2\/pages"}],"about":[{"href":"https:\/\/www.sipfilms.com\/en\/wp-json\/wp\/v2\/types\/page"}],"author":[{"embeddable":true,"href":"https:\/\/www.sipfilms.com\/en\/wp-json\/wp\/v2\/users\/2"}],"replies":[{"embeddable":true,"href":"https:\/\/www.sipfilms.com\/en\/wp-json\/wp\/v2\/comments?post=911"}],"version-history":[{"count":0,"href":"https:\/\/www.sipfilms.com\/en\/wp-json\/wp\/v2\/pages\/911\/revisions"}],"wp:attachment":[{"href":"https:\/\/www.sipfilms.com\/en\/wp-json\/wp\/v2\/media?parent=911"}],"curies":[{"name":"wp","href":"https:\/\/api.w.org\/{rel}","templated":true}]}}